{"id":12,"date":"2023-12-07T10:33:01","date_gmt":"2023-12-07T15:33:01","guid":{"rendered":"https:\/\/osf.pe\/?page_id=12"},"modified":"2024-01-17T15:16:12","modified_gmt":"2024-01-17T20:16:12","slug":"privacidad-y-confidencialidad-de-los-datos-personales","status":"publish","type":"page","link":"https:\/\/osf.pe\/es\/privacidad-y-confidencialidad-de-los-datos-personales\/","title":{"rendered":"Privacidad y Confidencialidad de los Datos Personales"},"content":{"rendered":"\r\n\r\n\r\n<h3>1. Objetivo<\/h3>\r\n\r\n\r\n\r\n<p>El objetivo de la presente pol\u00edtica es la declaraci\u00f3n y compromiso de OCEANO SEAFOOD S.A. en informar a los usuarios de los diferentes servicios prestados a trav\u00e9s de su portal web, acerca del tratamiento y usos a los que se someten los datos de car\u00e1cter personal que se obtengan.<br \/><br \/><\/p>\r\n<h3>2. Alcance<\/h3>\r\n<p>La presente pol\u00edtica es de aplicaci\u00f3n para todas las p\u00e1ginas web administradas por OCEANO SEAFOOD S.A. y est\u00e9n al uso p\u00fablico.<br \/><br \/><\/p>\r\n<h3>3. Referencias Normativas<\/h3>\r\n<p>3.1. Ley N\u00b0 29733 \u2013 Ley de Protecci\u00f3n de Datos Personales.<br \/>3.2. D.S. N\u00b0 003-2013-JUS \u2013 Reglamento de la Ley N\u00b0 29733.<br \/><br \/><\/p>\r\n<h3>4. De los Principios Rectores<\/h3>\r\n<p>En OCEANO SEAFOOD S.A. respetamos los principios de protecci\u00f3n de datos personales.<br \/>4.1. Principio de legalidad, se rechaza la recopilaci\u00f3n de los datos personales de los usuarios por medios ilegales y fraudulentos.<br \/>4.2. Principio de consentimiento, se obtendr\u00e1 el consentimiento de los usuarios de manera libre, informado, expreso, inequ\u00edvoco y previo al tratamiento de sus datos personales.<br \/>4.3. Principio de finalidad, los datos personales de nuestros usuarios se recopilar\u00e1n para una finalidad determinada, expl\u00edcita y l\u00edcita, y no se extender\u00e1 a otra finalidad que no haya sido la establecida de manera inequ\u00edvoca como tal al momento de su recopilaci\u00f3n.<br \/>4.4. Principio de proporcionalidad, todo tratamiento de datos personales de nuestros usuarios ser\u00e1 adecuado, relevante y no excesivo a la finalidad para la que estos hubiesen sido recopilados.<br \/>4.5. Principio de calidad, los datos personales que vayan a ser tratados ser\u00e1n veraces, exactos y, en la medida de lo posible, actualizados, necesarios, pertinentes y adecuados respecto de la finalidad para la que fueron recopilados. Se conservar\u00e1n de forma tal que se garantice su seguridad y solo por el tiempo necesario para cumplir con la finalidad del tratamiento.<br \/>4.6. Principio de seguridad, OCEANO SEAFOOD S.A. adopta las medidas t\u00e9cnicas, organizativas y legales necesarias para garantizar la seguridad y confidencialidad de los datos personales. OCEANO SEAFOOD S.A. cuenta con las medidas de seguridad apropiadas, y acordes con el tratamiento que se vaya a efectuar y con la categor\u00eda de datos personales de que se trate.<br \/>4.7. Principio de nivel de protecci\u00f3n adecuado, OCEANO SEAFOOD S.A. garantiza el nivel adecuado de protecci\u00f3n de los datos personales de sus usuarios para el flujo transfronterizo de datos personales, con un m\u00ednimo de protecci\u00f3n equiparable a lo previsto por la Ley N\u00ba 29733 o por los est\u00e1ndares internacionales de la materia.<br \/><br \/><\/p>\r\n<h3>5. De la definici\u00f3n de los datos personales<\/h3>\r\n<p>5.1. De acuerdo con la ley, se define el t\u00e9rmino Datos Personales como \u201caquella informaci\u00f3n num\u00e9rica, alfab\u00e9tica, gr\u00e1fica, fotogr\u00e1fica, ac\u00fastica, sobre h\u00e1bitos personales, o de cualquier otro tipo concerniente a las personas naturales que las identifica o las hace identificables a trav\u00e9s de medios que puedan ser razonablemente utilizados.\u201d La empresa considera como datos personales, a toda aquella informaci\u00f3n que el usuario ingrese voluntariamente a trav\u00e9s de cualquiera de nuestros formularios en nuestros sitios web o la que se env\u00eda por correo electr\u00f3nico.<\/p>\r\n<p>&nbsp;<\/p>\r\n<h3>6. De la titularidad de la Base de Datos\u00a0<\/h3>\r\n<p>6.1. Los datos personales que puedan ser suministrados a trav\u00e9s del sitio web u otro medio ser\u00e1n incorporados a los bancos de datos administrados por OCEANO SEAFOOD S.A.<\/p>\r\n<p>&nbsp;<\/p>\r\n<h3>7. De las finalidades del tratamiento de la informaci\u00f3n\u00a0<\/h3>\r\n<p>7.1. De conformidad con la Ley N\u00b0 29733 &#8211; Ley de Protecci\u00f3n de Datos Personales y su Reglamento aprobado mediante D.S. 003-2013-JUS, el interesado otorgar\u00e1 su consentimiento expreso para que los datos personales que facilite queden incorporados en el Banco de Datos Personales de Personas Interesadas en OCEANO SEAFOOD S.A. y sean tratados por esta con la finalidad de absolver sus consultas y brindarles informaci\u00f3n publicitaria, d\u00e1ndoles usos que incluyen temas referidos al an\u00e1lisis de perfiles, publicidad y prospecci\u00f3n comercial, fines estad\u00edsticos, hist\u00f3ricos, cient\u00edficos y educaci\u00f3n. El usuario autoriza a que OCEANO SEAFOOD S.A. mantenga sus datos personales en el banco de datos referido en tanto sean \u00fatiles para la finalidad y usos antes mencionados.<\/p>\r\n<p>&nbsp;<\/p>\r\n<h3>8. De la Declaraci\u00f3n de Privacidad<\/h3>\r\n<p>8.1. La empresa no recopila datos personales sobre el Usuario, excepto cuando \u00e9l mismo brinde informaci\u00f3n voluntariamente, al registrarse en alguno de los sitios web o cuando env\u00ede un correo electr\u00f3nico u otra comunicaci\u00f3n dirigida a OCEANO SEAFOOD S.A. La empresa no procesar\u00e1 ni transferir\u00e1 los datos personales sin previo consentimiento del usuario.<\/p>\r\n<p>&nbsp;<\/p>\r\n<h3>9. De la Seguridad y Confidencialidad de los datos<\/h3>\r\n<p>9.1. OCEANO SEAFOOD S.A. se compromete a cumplir con los est\u00e1ndares de seguridad y confidencialidad necesarios para asegurar la confiabilidad, integridad y disponibilidad de la informaci\u00f3n recopilada de los usuarios. El usuario es el \u00fanico responsable de suministrar sus datos personales a OCEANO SEAFOOD S.A.<\/p>\r\n<p>&nbsp;<\/p>\r\n<h3>10. De los Derechos de los Usuarios (<span style=\"color: #0000ff;\"><a style=\"color: #0000ff;\" href=\"https:\/\/osf.pe\/wp-content\/uploads\/2023\/12\/Oceano-Formato-Solicitud-Atencion-Derechos-ARCO.pdf\" target=\"_blank\" rel=\"noopener\">Derechos ARCO<\/a><\/span>)<\/h3>\r\n<p>10.1. De conformidad con la Ley, el Usuario podr\u00e1 solicitar, en cualquier momento, sus derechos de acceso, actualizaci\u00f3n, rectificaci\u00f3n, inclusi\u00f3n, oposici\u00f3n y supresi\u00f3n o cancelaci\u00f3n de datos personales descargando el formato Solicitud de Atenci\u00f3n de Derechos PDP desde la web institucional y envi\u00e1ndolo a la direcci\u00f3n de correo electr\u00f3nico arco@oceanocorp.com o present\u00e1ndolo f\u00edsicamente en el domicilio fiscal de la empresa, debiendo adjuntar en ambos casos una copia de su DNI.<\/p>\r\n<p>&nbsp;<\/p>\r\n<h3>11. Del Consentimiento del usuario y aceptaci\u00f3n de los t\u00e9rminos<\/h3>\r\n<p>11.1. Esta declaraci\u00f3n de privacidad y confidencialidad descrita en la presente pol\u00edtica constituye un acuerdo v\u00e1lido entre el Usuario y OCEANO SEAFOOD S.A., que confirma el conocimiento, entendimiento y aceptaci\u00f3n por parte del Usuario de lo expuesto con los fines expresados. En caso no estar de acuerdo, el usuario no deber\u00e1 proporcionar ninguna informaci\u00f3n personal, ni utilizar el servicio o cualquier informaci\u00f3n relacionada con los sitios web de OCEANO SEAFOOD S.A.<\/p>\r\n<p>&nbsp;<\/p>\r\n<p>&lt; <a href=\"https:\/\/osf.pe\/es\/contacto\/\"><span style=\"color: #0f70a5;\">Regresar<\/span><\/a><\/p>\r\n<p>&nbsp;<\/p>\r\n\r\n\r\n","protected":false},"excerpt":{"rendered":"<p>1. Objetivo El objetivo de la presente pol\u00edtica es la declaraci\u00f3n y compromiso de OCEANO SEAFOOD S.A. en informar a los usuarios de los diferentes servicios prestados a trav\u00e9s de su portal web, acerca del tratamiento y usos a los que se someten los datos de car\u00e1cter personal que se obtengan. 2. Alcance La presente [&hellip;]<\/p>\n","protected":false},"author":1,"featured_media":422,"parent":0,"menu_order":0,"comment_status":"closed","ping_status":"closed","template":"templates\/terms.php","meta":{"_acf_changed":false,"inline_featured_image":false,"footnotes":""},"class_list":["post-12","page","type-page","status-publish","has-post-thumbnail","hentry"],"acf":[],"yoast_head":"<!-- This site is optimized with the Yoast SEO plugin v27.4 - https:\/\/yoast.com\/product\/yoast-seo-wordpress\/ -->\n<title>Privacidad y Confidencialidad de los Datos Personales - Oceano Seafood<\/title>\n<meta name=\"robots\" content=\"index, follow, max-snippet:-1, max-image-preview:large, max-video-preview:-1\" \/>\n<link rel=\"canonical\" href=\"https:\/\/osf.pe\/es\/privacidad-y-confidencialidad-de-los-datos-personales\/\" \/>\n<meta property=\"og:locale\" content=\"es_ES\" \/>\n<meta property=\"og:type\" content=\"article\" \/>\n<meta property=\"og:title\" content=\"Privacidad y Confidencialidad de los Datos Personales - Oceano Seafood\" \/>\n<meta property=\"og:description\" content=\"1. Objetivo El objetivo de la presente pol\u00edtica es la declaraci\u00f3n y compromiso de OCEANO SEAFOOD S.A. en informar a los usuarios de los diferentes servicios prestados a trav\u00e9s de su portal web, acerca del tratamiento y usos a los que se someten los datos de car\u00e1cter personal que se obtengan. 2. Alcance La presente [&hellip;]\" \/>\n<meta property=\"og:url\" content=\"https:\/\/osf.pe\/es\/privacidad-y-confidencialidad-de-los-datos-personales\/\" \/>\n<meta property=\"og:site_name\" content=\"Oceano Seafood\" \/>\n<meta property=\"article:modified_time\" content=\"2024-01-17T20:16:12+00:00\" \/>\n<meta property=\"og:image\" content=\"https:\/\/osf.pe\/wp-content\/uploads\/2022\/04\/banner-yourorder.jpg\" \/>\n\t<meta property=\"og:image:width\" content=\"1935\" \/>\n\t<meta property=\"og:image:height\" content=\"424\" \/>\n\t<meta property=\"og:image:type\" content=\"image\/jpeg\" \/>\n<meta name=\"twitter:card\" content=\"summary_large_image\" \/>\n<meta name=\"twitter:label1\" content=\"Tiempo de lectura\" \/>\n\t<meta name=\"twitter:data1\" content=\"5 minutos\" \/>\n<script type=\"application\/ld+json\" class=\"yoast-schema-graph\">{\"@context\":\"https:\\\/\\\/schema.org\",\"@graph\":[{\"@type\":\"WebPage\",\"@id\":\"https:\\\/\\\/osf.pe\\\/es\\\/privacidad-y-confidencialidad-de-los-datos-personales\\\/\",\"url\":\"https:\\\/\\\/osf.pe\\\/es\\\/privacidad-y-confidencialidad-de-los-datos-personales\\\/\",\"name\":\"Privacidad y Confidencialidad de los Datos Personales - Oceano Seafood\",\"isPartOf\":{\"@id\":\"https:\\\/\\\/osf.pe\\\/#website\"},\"primaryImageOfPage\":{\"@id\":\"https:\\\/\\\/osf.pe\\\/es\\\/privacidad-y-confidencialidad-de-los-datos-personales\\\/#primaryimage\"},\"image\":{\"@id\":\"https:\\\/\\\/osf.pe\\\/es\\\/privacidad-y-confidencialidad-de-los-datos-personales\\\/#primaryimage\"},\"thumbnailUrl\":\"https:\\\/\\\/osf.pe\\\/wp-content\\\/uploads\\\/2022\\\/04\\\/banner-yourorder.jpg\",\"datePublished\":\"2023-12-07T15:33:01+00:00\",\"dateModified\":\"2024-01-17T20:16:12+00:00\",\"breadcrumb\":{\"@id\":\"https:\\\/\\\/osf.pe\\\/es\\\/privacidad-y-confidencialidad-de-los-datos-personales\\\/#breadcrumb\"},\"inLanguage\":\"es\",\"potentialAction\":[{\"@type\":\"ReadAction\",\"target\":[\"https:\\\/\\\/osf.pe\\\/es\\\/privacidad-y-confidencialidad-de-los-datos-personales\\\/\"]}]},{\"@type\":\"ImageObject\",\"inLanguage\":\"es\",\"@id\":\"https:\\\/\\\/osf.pe\\\/es\\\/privacidad-y-confidencialidad-de-los-datos-personales\\\/#primaryimage\",\"url\":\"https:\\\/\\\/osf.pe\\\/wp-content\\\/uploads\\\/2022\\\/04\\\/banner-yourorder.jpg\",\"contentUrl\":\"https:\\\/\\\/osf.pe\\\/wp-content\\\/uploads\\\/2022\\\/04\\\/banner-yourorder.jpg\",\"width\":1935,\"height\":424},{\"@type\":\"BreadcrumbList\",\"@id\":\"https:\\\/\\\/osf.pe\\\/es\\\/privacidad-y-confidencialidad-de-los-datos-personales\\\/#breadcrumb\",\"itemListElement\":[{\"@type\":\"ListItem\",\"position\":1,\"name\":\"Portada\",\"item\":\"https:\\\/\\\/osf.pe\\\/es\\\/\"},{\"@type\":\"ListItem\",\"position\":2,\"name\":\"Privacidad y Confidencialidad de los Datos Personales\"}]},{\"@type\":\"WebSite\",\"@id\":\"https:\\\/\\\/osf.pe\\\/#website\",\"url\":\"https:\\\/\\\/osf.pe\\\/\",\"name\":\"Oceano Seafood\",\"description\":\"Just another WordPress site\",\"potentialAction\":[{\"@type\":\"SearchAction\",\"target\":{\"@type\":\"EntryPoint\",\"urlTemplate\":\"https:\\\/\\\/osf.pe\\\/?s={search_term_string}\"},\"query-input\":{\"@type\":\"PropertyValueSpecification\",\"valueRequired\":true,\"valueName\":\"search_term_string\"}}],\"inLanguage\":\"es\"}]}<\/script>\n<!-- \/ Yoast SEO plugin. -->","yoast_head_json":{"title":"Privacidad y Confidencialidad de los Datos Personales - Oceano Seafood","robots":{"index":"index","follow":"follow","max-snippet":"max-snippet:-1","max-image-preview":"max-image-preview:large","max-video-preview":"max-video-preview:-1"},"canonical":"https:\/\/osf.pe\/es\/privacidad-y-confidencialidad-de-los-datos-personales\/","og_locale":"es_ES","og_type":"article","og_title":"Privacidad y Confidencialidad de los Datos Personales - Oceano Seafood","og_description":"1. Objetivo El objetivo de la presente pol\u00edtica es la declaraci\u00f3n y compromiso de OCEANO SEAFOOD S.A. en informar a los usuarios de los diferentes servicios prestados a trav\u00e9s de su portal web, acerca del tratamiento y usos a los que se someten los datos de car\u00e1cter personal que se obtengan. 2. Alcance La presente [&hellip;]","og_url":"https:\/\/osf.pe\/es\/privacidad-y-confidencialidad-de-los-datos-personales\/","og_site_name":"Oceano Seafood","article_modified_time":"2024-01-17T20:16:12+00:00","og_image":[{"width":1935,"height":424,"url":"https:\/\/osf.pe\/wp-content\/uploads\/2022\/04\/banner-yourorder.jpg","type":"image\/jpeg"}],"twitter_card":"summary_large_image","twitter_misc":{"Tiempo de lectura":"5 minutos"},"schema":{"@context":"https:\/\/schema.org","@graph":[{"@type":"WebPage","@id":"https:\/\/osf.pe\/es\/privacidad-y-confidencialidad-de-los-datos-personales\/","url":"https:\/\/osf.pe\/es\/privacidad-y-confidencialidad-de-los-datos-personales\/","name":"Privacidad y Confidencialidad de los Datos Personales - Oceano Seafood","isPartOf":{"@id":"https:\/\/osf.pe\/#website"},"primaryImageOfPage":{"@id":"https:\/\/osf.pe\/es\/privacidad-y-confidencialidad-de-los-datos-personales\/#primaryimage"},"image":{"@id":"https:\/\/osf.pe\/es\/privacidad-y-confidencialidad-de-los-datos-personales\/#primaryimage"},"thumbnailUrl":"https:\/\/osf.pe\/wp-content\/uploads\/2022\/04\/banner-yourorder.jpg","datePublished":"2023-12-07T15:33:01+00:00","dateModified":"2024-01-17T20:16:12+00:00","breadcrumb":{"@id":"https:\/\/osf.pe\/es\/privacidad-y-confidencialidad-de-los-datos-personales\/#breadcrumb"},"inLanguage":"es","potentialAction":[{"@type":"ReadAction","target":["https:\/\/osf.pe\/es\/privacidad-y-confidencialidad-de-los-datos-personales\/"]}]},{"@type":"ImageObject","inLanguage":"es","@id":"https:\/\/osf.pe\/es\/privacidad-y-confidencialidad-de-los-datos-personales\/#primaryimage","url":"https:\/\/osf.pe\/wp-content\/uploads\/2022\/04\/banner-yourorder.jpg","contentUrl":"https:\/\/osf.pe\/wp-content\/uploads\/2022\/04\/banner-yourorder.jpg","width":1935,"height":424},{"@type":"BreadcrumbList","@id":"https:\/\/osf.pe\/es\/privacidad-y-confidencialidad-de-los-datos-personales\/#breadcrumb","itemListElement":[{"@type":"ListItem","position":1,"name":"Portada","item":"https:\/\/osf.pe\/es\/"},{"@type":"ListItem","position":2,"name":"Privacidad y Confidencialidad de los Datos Personales"}]},{"@type":"WebSite","@id":"https:\/\/osf.pe\/#website","url":"https:\/\/osf.pe\/","name":"Oceano Seafood","description":"Just another WordPress site","potentialAction":[{"@type":"SearchAction","target":{"@type":"EntryPoint","urlTemplate":"https:\/\/osf.pe\/?s={search_term_string}"},"query-input":{"@type":"PropertyValueSpecification","valueRequired":true,"valueName":"search_term_string"}}],"inLanguage":"es"}]}},"_links":{"self":[{"href":"https:\/\/osf.pe\/es\/wp-json\/wp\/v2\/pages\/12","targetHints":{"allow":["GET"]}}],"collection":[{"href":"https:\/\/osf.pe\/es\/wp-json\/wp\/v2\/pages"}],"about":[{"href":"https:\/\/osf.pe\/es\/wp-json\/wp\/v2\/types\/page"}],"author":[{"embeddable":true,"href":"https:\/\/osf.pe\/es\/wp-json\/wp\/v2\/users\/1"}],"replies":[{"embeddable":true,"href":"https:\/\/osf.pe\/es\/wp-json\/wp\/v2\/comments?post=12"}],"version-history":[{"count":6,"href":"https:\/\/osf.pe\/es\/wp-json\/wp\/v2\/pages\/12\/revisions"}],"predecessor-version":[{"id":1354,"href":"https:\/\/osf.pe\/es\/wp-json\/wp\/v2\/pages\/12\/revisions\/1354"}],"wp:featuredmedia":[{"embeddable":true,"href":"https:\/\/osf.pe\/es\/wp-json\/wp\/v2\/media\/422"}],"wp:attachment":[{"href":"https:\/\/osf.pe\/es\/wp-json\/wp\/v2\/media?parent=12"}],"curies":[{"name":"wp","href":"https:\/\/api.w.org\/{rel}","templated":true}]}}