{"id":1277,"date":"2023-03-15T15:10:03","date_gmt":"2023-03-15T20:10:03","guid":{"rendered":"https:\/\/osf.pe\/?page_id=1277"},"modified":"2023-03-15T15:10:03","modified_gmt":"2023-03-15T20:10:03","slug":"limpieza-muelles","status":"publish","type":"page","link":"https:\/\/osf.pe\/es\/entorno\/limpieza-muelles\/","title":{"rendered":"Limpieza de Muelles"},"content":{"rendered":"<p>Nuestro principal punto de contacto con el mar y los pescadores artesanales son nuestros muelles. A trav\u00e9s de ellos tenemos una oportunidad para difundir una cultura de sostenibilidad y la conservaci\u00f3n de los oc\u00e9anos.<\/p>\n<p>Una de nuestras iniciativas es la limpieza semanal del \u00e1rea acu\u00e1tica de nuestros muelles y las zonas cercanas. Esta actividad, organizada por SSOMA, nuestros administradores y personal de muelle contribuye a conservar nuestro mar limpio y a nuestros ecosistemas saludables.<\/p>\n","protected":false},"excerpt":{"rendered":"<p>Nuestro principal punto de contacto con el mar y los pescadores artesanales son nuestros muelles. A trav\u00e9s de ellos tenemos una oportunidad para difundir una cultura de sostenibilidad y la conservaci\u00f3n de los oc\u00e9anos. Una de nuestras iniciativas es la limpieza semanal del \u00e1rea acu\u00e1tica de nuestros muelles y las zonas cercanas. Esta actividad, organizada [&hellip;]<\/p>\n","protected":false},"author":2,"featured_media":1205,"parent":87,"menu_order":4,"comment_status":"closed","ping_status":"closed","template":"templates\/environment-comite.php","meta":{"inline_featured_image":false},"acf":[],"yoast_head":"<!-- This site is optimized with the Yoast SEO plugin v18.4.1 - https:\/\/yoast.com\/wordpress\/plugins\/seo\/ -->\n<title>Limpieza de Muelles - Oceano Seafood<\/title>\n<meta name=\"robots\" content=\"index, follow, max-snippet:-1, max-image-preview:large, max-video-preview:-1\" \/>\n<link rel=\"canonical\" href=\"https:\/\/osf.pe\/es\/sustainability\/limpieza-muelles\/\" \/>\n<meta property=\"og:locale\" content=\"es_ES\" \/>\n<meta property=\"og:type\" content=\"article\" \/>\n<meta property=\"og:title\" content=\"Limpieza de Muelles - Oceano Seafood\" \/>\n<meta property=\"og:description\" content=\"Nuestro principal punto de contacto con el mar y los pescadores artesanales son nuestros muelles. A trav\u00e9s de ellos tenemos una oportunidad para difundir una cultura de sostenibilidad y la conservaci\u00f3n de los oc\u00e9anos. Una de nuestras iniciativas es la limpieza semanal del \u00e1rea acu\u00e1tica de nuestros muelles y las zonas cercanas. Esta actividad, organizada [&hellip;]\" \/>\n<meta property=\"og:url\" content=\"https:\/\/osf.pe\/es\/sustainability\/limpieza-muelles\/\" \/>\n<meta property=\"og:site_name\" content=\"Oceano Seafood\" \/>\n<meta property=\"og:image\" content=\"https:\/\/osf.pe\/wp-content\/uploads\/2023\/02\/foto-Dock-Clean-Ups.png\" \/>\n\t<meta property=\"og:image:width\" content=\"770\" \/>\n\t<meta property=\"og:image:height\" content=\"344\" \/>\n\t<meta property=\"og:image:type\" content=\"image\/png\" \/>\n<meta name=\"twitter:card\" content=\"summary_large_image\" \/>\n<meta name=\"twitter:label1\" content=\"Tiempo de lectura\" \/>\n\t<meta name=\"twitter:data1\" content=\"1 minuto\" \/>\n<script type=\"application\/ld+json\" class=\"yoast-schema-graph\">{\"@context\":\"https:\/\/schema.org\",\"@graph\":[{\"@type\":\"WebSite\",\"@id\":\"https:\/\/osf.pe\/#website\",\"url\":\"https:\/\/osf.pe\/\",\"name\":\"Oceano Seafood\",\"description\":\"Just another WordPress site\",\"potentialAction\":[{\"@type\":\"SearchAction\",\"target\":{\"@type\":\"EntryPoint\",\"urlTemplate\":\"https:\/\/osf.pe\/?s={search_term_string}\"},\"query-input\":\"required name=search_term_string\"}],\"inLanguage\":\"es\"},{\"@type\":\"ImageObject\",\"@id\":\"https:\/\/osf.pe\/es\/sustainability\/limpieza-muelles\/#primaryimage\",\"inLanguage\":\"es\",\"url\":\"https:\/\/osf.pe\/wp-content\/uploads\/2023\/02\/foto-Dock-Clean-Ups.png\",\"contentUrl\":\"https:\/\/osf.pe\/wp-content\/uploads\/2023\/02\/foto-Dock-Clean-Ups.png\",\"width\":770,\"height\":344},{\"@type\":\"WebPage\",\"@id\":\"https:\/\/osf.pe\/es\/sustainability\/limpieza-muelles\/#webpage\",\"url\":\"https:\/\/osf.pe\/es\/sustainability\/limpieza-muelles\/\",\"name\":\"Limpieza de Muelles - Oceano Seafood\",\"isPartOf\":{\"@id\":\"https:\/\/osf.pe\/#website\"},\"primaryImageOfPage\":{\"@id\":\"https:\/\/osf.pe\/es\/sustainability\/limpieza-muelles\/#primaryimage\"},\"datePublished\":\"2023-03-15T20:10:03+00:00\",\"dateModified\":\"2023-03-15T20:10:03+00:00\",\"breadcrumb\":{\"@id\":\"https:\/\/osf.pe\/es\/sustainability\/limpieza-muelles\/#breadcrumb\"},\"inLanguage\":\"es\",\"potentialAction\":[{\"@type\":\"ReadAction\",\"target\":[\"https:\/\/osf.pe\/es\/sustainability\/limpieza-muelles\/\"]}]},{\"@type\":\"BreadcrumbList\",\"@id\":\"https:\/\/osf.pe\/es\/sustainability\/limpieza-muelles\/#breadcrumb\",\"itemListElement\":[{\"@type\":\"ListItem\",\"position\":1,\"name\":\"Portada\",\"item\":\"https:\/\/osf.pe\/es\/\"},{\"@type\":\"ListItem\",\"position\":2,\"name\":\"Sustainability\",\"item\":\"https:\/\/osf.pe\/sustainability\/\"},{\"@type\":\"ListItem\",\"position\":3,\"name\":\"Limpieza de Muelles\"}]}]}<\/script>\n<!-- \/ Yoast SEO plugin. -->","yoast_head_json":{"title":"Limpieza de Muelles - Oceano Seafood","robots":{"index":"index","follow":"follow","max-snippet":"max-snippet:-1","max-image-preview":"max-image-preview:large","max-video-preview":"max-video-preview:-1"},"canonical":"https:\/\/osf.pe\/es\/sustainability\/limpieza-muelles\/","og_locale":"es_ES","og_type":"article","og_title":"Limpieza de Muelles - Oceano Seafood","og_description":"Nuestro principal punto de contacto con el mar y los pescadores artesanales son nuestros muelles. A trav\u00e9s de ellos tenemos una oportunidad para difundir una cultura de sostenibilidad y la conservaci\u00f3n de los oc\u00e9anos. Una de nuestras iniciativas es la limpieza semanal del \u00e1rea acu\u00e1tica de nuestros muelles y las zonas cercanas. Esta actividad, organizada [&hellip;]","og_url":"https:\/\/osf.pe\/es\/sustainability\/limpieza-muelles\/","og_site_name":"Oceano Seafood","og_image":[{"width":770,"height":344,"url":"https:\/\/osf.pe\/wp-content\/uploads\/2023\/02\/foto-Dock-Clean-Ups.png","type":"image\/png"}],"twitter_card":"summary_large_image","twitter_misc":{"Tiempo de lectura":"1 minuto"},"schema":{"@context":"https:\/\/schema.org","@graph":[{"@type":"WebSite","@id":"https:\/\/osf.pe\/#website","url":"https:\/\/osf.pe\/","name":"Oceano Seafood","description":"Just another WordPress site","potentialAction":[{"@type":"SearchAction","target":{"@type":"EntryPoint","urlTemplate":"https:\/\/osf.pe\/?s={search_term_string}"},"query-input":"required name=search_term_string"}],"inLanguage":"es"},{"@type":"ImageObject","@id":"https:\/\/osf.pe\/es\/sustainability\/limpieza-muelles\/#primaryimage","inLanguage":"es","url":"https:\/\/osf.pe\/wp-content\/uploads\/2023\/02\/foto-Dock-Clean-Ups.png","contentUrl":"https:\/\/osf.pe\/wp-content\/uploads\/2023\/02\/foto-Dock-Clean-Ups.png","width":770,"height":344},{"@type":"WebPage","@id":"https:\/\/osf.pe\/es\/sustainability\/limpieza-muelles\/#webpage","url":"https:\/\/osf.pe\/es\/sustainability\/limpieza-muelles\/","name":"Limpieza de Muelles - Oceano Seafood","isPartOf":{"@id":"https:\/\/osf.pe\/#website"},"primaryImageOfPage":{"@id":"https:\/\/osf.pe\/es\/sustainability\/limpieza-muelles\/#primaryimage"},"datePublished":"2023-03-15T20:10:03+00:00","dateModified":"2023-03-15T20:10:03+00:00","breadcrumb":{"@id":"https:\/\/osf.pe\/es\/sustainability\/limpieza-muelles\/#breadcrumb"},"inLanguage":"es","potentialAction":[{"@type":"ReadAction","target":["https:\/\/osf.pe\/es\/sustainability\/limpieza-muelles\/"]}]},{"@type":"BreadcrumbList","@id":"https:\/\/osf.pe\/es\/sustainability\/limpieza-muelles\/#breadcrumb","itemListElement":[{"@type":"ListItem","position":1,"name":"Portada","item":"https:\/\/osf.pe\/es\/"},{"@type":"ListItem","position":2,"name":"Sustainability","item":"https:\/\/osf.pe\/sustainability\/"},{"@type":"ListItem","position":3,"name":"Limpieza de Muelles"}]}]}},"_links":{"self":[{"href":"https:\/\/osf.pe\/es\/wp-json\/wp\/v2\/pages\/1277"}],"collection":[{"href":"https:\/\/osf.pe\/es\/wp-json\/wp\/v2\/pages"}],"about":[{"href":"https:\/\/osf.pe\/es\/wp-json\/wp\/v2\/types\/page"}],"author":[{"embeddable":true,"href":"https:\/\/osf.pe\/es\/wp-json\/wp\/v2\/users\/2"}],"replies":[{"embeddable":true,"href":"https:\/\/osf.pe\/es\/wp-json\/wp\/v2\/comments?post=1277"}],"version-history":[{"count":1,"href":"https:\/\/osf.pe\/es\/wp-json\/wp\/v2\/pages\/1277\/revisions"}],"predecessor-version":[{"id":1278,"href":"https:\/\/osf.pe\/es\/wp-json\/wp\/v2\/pages\/1277\/revisions\/1278"}],"up":[{"embeddable":true,"href":"https:\/\/osf.pe\/es\/wp-json\/wp\/v2\/pages\/87"}],"wp:featuredmedia":[{"embeddable":true,"href":"https:\/\/osf.pe\/es\/wp-json\/wp\/v2\/media\/1205"}],"wp:attachment":[{"href":"https:\/\/osf.pe\/es\/wp-json\/wp\/v2\/media?parent=1277"}],"curies":[{"name":"wp","href":"https:\/\/api.w.org\/{rel}","templated":true}]}}