{"id":1283,"date":"2023-03-15T15:21:47","date_gmt":"2023-03-15T20:21:47","guid":{"rendered":"https:\/\/osf.pe\/?page_id=1283"},"modified":"2023-03-15T15:21:47","modified_gmt":"2023-03-15T20:21:47","slug":"chalanita-osf","status":"publish","type":"page","link":"https:\/\/osf.pe\/es\/entorno\/chalanita-osf\/","title":{"rendered":"Chalanita Oceano"},"content":{"rendered":"<p>\u201cLa chalanita OCEANO\u201d, operada por personal capacitado, funciona dos veces por semana y recolecta todo tipo de residuos que se encuentran en la bah\u00eda de Paita contaminando el litoral peruano.<\/p>\n<p>Con esta iniciativa se buscar mitigar la contaminaci\u00f3n en el mar y proteger la sostenibilidad de la actividad pesquera, as\u00ed como concientizar a la poblaci\u00f3n a no desechar residuos al mar. Desde el lanzamiento del proyecto de responsabilidad ambiental de recolecci\u00f3n de residuos en la chalanita se ha recolectado m\u00e1s de una tonelada de residuos.<\/p>\n","protected":false},"excerpt":{"rendered":"<p>\u201cLa chalanita OCEANO\u201d, operada por personal capacitado, funciona dos veces por semana y recolecta todo tipo de residuos que se encuentran en la bah\u00eda de Paita contaminando el litoral peruano. Con esta iniciativa se buscar mitigar la contaminaci\u00f3n en el mar y proteger la sostenibilidad de la actividad pesquera, as\u00ed como concientizar a la poblaci\u00f3n [&hellip;]<\/p>\n","protected":false},"author":2,"featured_media":1207,"parent":87,"menu_order":5,"comment_status":"closed","ping_status":"closed","template":"templates\/environment-comite.php","meta":{"inline_featured_image":false},"acf":[],"yoast_head":"<!-- This site is optimized with the Yoast SEO plugin v18.4.1 - https:\/\/yoast.com\/wordpress\/plugins\/seo\/ -->\n<title>Chalanita Oceano - Oceano Seafood<\/title>\n<meta name=\"robots\" content=\"index, follow, max-snippet:-1, max-image-preview:large, max-video-preview:-1\" \/>\n<link rel=\"canonical\" href=\"https:\/\/osf.pe\/es\/sustainability\/chalanita-osf\/\" \/>\n<meta property=\"og:locale\" content=\"es_ES\" \/>\n<meta property=\"og:type\" content=\"article\" \/>\n<meta property=\"og:title\" content=\"Chalanita Oceano - Oceano Seafood\" \/>\n<meta property=\"og:description\" content=\"\u201cLa chalanita OCEANO\u201d, operada por personal capacitado, funciona dos veces por semana y recolecta todo tipo de residuos que se encuentran en la bah\u00eda de Paita contaminando el litoral peruano. Con esta iniciativa se buscar mitigar la contaminaci\u00f3n en el mar y proteger la sostenibilidad de la actividad pesquera, as\u00ed como concientizar a la poblaci\u00f3n [&hellip;]\" \/>\n<meta property=\"og:url\" content=\"https:\/\/osf.pe\/es\/sustainability\/chalanita-osf\/\" \/>\n<meta property=\"og:site_name\" content=\"Oceano Seafood\" \/>\n<meta property=\"og:image\" content=\"https:\/\/osf.pe\/wp-content\/uploads\/2023\/02\/foto-Chalanita-Oceano.png\" \/>\n\t<meta property=\"og:image:width\" content=\"770\" \/>\n\t<meta property=\"og:image:height\" content=\"344\" \/>\n\t<meta property=\"og:image:type\" content=\"image\/png\" \/>\n<meta name=\"twitter:card\" content=\"summary_large_image\" \/>\n<meta name=\"twitter:label1\" content=\"Tiempo de lectura\" \/>\n\t<meta name=\"twitter:data1\" content=\"1 minuto\" \/>\n<script type=\"application\/ld+json\" class=\"yoast-schema-graph\">{\"@context\":\"https:\/\/schema.org\",\"@graph\":[{\"@type\":\"WebSite\",\"@id\":\"https:\/\/osf.pe\/#website\",\"url\":\"https:\/\/osf.pe\/\",\"name\":\"Oceano Seafood\",\"description\":\"Just another WordPress site\",\"potentialAction\":[{\"@type\":\"SearchAction\",\"target\":{\"@type\":\"EntryPoint\",\"urlTemplate\":\"https:\/\/osf.pe\/?s={search_term_string}\"},\"query-input\":\"required name=search_term_string\"}],\"inLanguage\":\"es\"},{\"@type\":\"ImageObject\",\"@id\":\"https:\/\/osf.pe\/es\/sustainability\/chalanita-osf\/#primaryimage\",\"inLanguage\":\"es\",\"url\":\"https:\/\/osf.pe\/wp-content\/uploads\/2023\/02\/foto-Chalanita-Oceano.png\",\"contentUrl\":\"https:\/\/osf.pe\/wp-content\/uploads\/2023\/02\/foto-Chalanita-Oceano.png\",\"width\":770,\"height\":344},{\"@type\":\"WebPage\",\"@id\":\"https:\/\/osf.pe\/es\/sustainability\/chalanita-osf\/#webpage\",\"url\":\"https:\/\/osf.pe\/es\/sustainability\/chalanita-osf\/\",\"name\":\"Chalanita Oceano - Oceano Seafood\",\"isPartOf\":{\"@id\":\"https:\/\/osf.pe\/#website\"},\"primaryImageOfPage\":{\"@id\":\"https:\/\/osf.pe\/es\/sustainability\/chalanita-osf\/#primaryimage\"},\"datePublished\":\"2023-03-15T20:21:47+00:00\",\"dateModified\":\"2023-03-15T20:21:47+00:00\",\"breadcrumb\":{\"@id\":\"https:\/\/osf.pe\/es\/sustainability\/chalanita-osf\/#breadcrumb\"},\"inLanguage\":\"es\",\"potentialAction\":[{\"@type\":\"ReadAction\",\"target\":[\"https:\/\/osf.pe\/es\/sustainability\/chalanita-osf\/\"]}]},{\"@type\":\"BreadcrumbList\",\"@id\":\"https:\/\/osf.pe\/es\/sustainability\/chalanita-osf\/#breadcrumb\",\"itemListElement\":[{\"@type\":\"ListItem\",\"position\":1,\"name\":\"Portada\",\"item\":\"https:\/\/osf.pe\/es\/\"},{\"@type\":\"ListItem\",\"position\":2,\"name\":\"Sustainability\",\"item\":\"https:\/\/osf.pe\/sustainability\/\"},{\"@type\":\"ListItem\",\"position\":3,\"name\":\"Chalanita Oceano\"}]}]}<\/script>\n<!-- \/ Yoast SEO plugin. -->","yoast_head_json":{"title":"Chalanita Oceano - Oceano Seafood","robots":{"index":"index","follow":"follow","max-snippet":"max-snippet:-1","max-image-preview":"max-image-preview:large","max-video-preview":"max-video-preview:-1"},"canonical":"https:\/\/osf.pe\/es\/sustainability\/chalanita-osf\/","og_locale":"es_ES","og_type":"article","og_title":"Chalanita Oceano - Oceano Seafood","og_description":"\u201cLa chalanita OCEANO\u201d, operada por personal capacitado, funciona dos veces por semana y recolecta todo tipo de residuos que se encuentran en la bah\u00eda de Paita contaminando el litoral peruano. Con esta iniciativa se buscar mitigar la contaminaci\u00f3n en el mar y proteger la sostenibilidad de la actividad pesquera, as\u00ed como concientizar a la poblaci\u00f3n [&hellip;]","og_url":"https:\/\/osf.pe\/es\/sustainability\/chalanita-osf\/","og_site_name":"Oceano Seafood","og_image":[{"width":770,"height":344,"url":"https:\/\/osf.pe\/wp-content\/uploads\/2023\/02\/foto-Chalanita-Oceano.png","type":"image\/png"}],"twitter_card":"summary_large_image","twitter_misc":{"Tiempo de lectura":"1 minuto"},"schema":{"@context":"https:\/\/schema.org","@graph":[{"@type":"WebSite","@id":"https:\/\/osf.pe\/#website","url":"https:\/\/osf.pe\/","name":"Oceano Seafood","description":"Just another WordPress site","potentialAction":[{"@type":"SearchAction","target":{"@type":"EntryPoint","urlTemplate":"https:\/\/osf.pe\/?s={search_term_string}"},"query-input":"required name=search_term_string"}],"inLanguage":"es"},{"@type":"ImageObject","@id":"https:\/\/osf.pe\/es\/sustainability\/chalanita-osf\/#primaryimage","inLanguage":"es","url":"https:\/\/osf.pe\/wp-content\/uploads\/2023\/02\/foto-Chalanita-Oceano.png","contentUrl":"https:\/\/osf.pe\/wp-content\/uploads\/2023\/02\/foto-Chalanita-Oceano.png","width":770,"height":344},{"@type":"WebPage","@id":"https:\/\/osf.pe\/es\/sustainability\/chalanita-osf\/#webpage","url":"https:\/\/osf.pe\/es\/sustainability\/chalanita-osf\/","name":"Chalanita Oceano - Oceano Seafood","isPartOf":{"@id":"https:\/\/osf.pe\/#website"},"primaryImageOfPage":{"@id":"https:\/\/osf.pe\/es\/sustainability\/chalanita-osf\/#primaryimage"},"datePublished":"2023-03-15T20:21:47+00:00","dateModified":"2023-03-15T20:21:47+00:00","breadcrumb":{"@id":"https:\/\/osf.pe\/es\/sustainability\/chalanita-osf\/#breadcrumb"},"inLanguage":"es","potentialAction":[{"@type":"ReadAction","target":["https:\/\/osf.pe\/es\/sustainability\/chalanita-osf\/"]}]},{"@type":"BreadcrumbList","@id":"https:\/\/osf.pe\/es\/sustainability\/chalanita-osf\/#breadcrumb","itemListElement":[{"@type":"ListItem","position":1,"name":"Portada","item":"https:\/\/osf.pe\/es\/"},{"@type":"ListItem","position":2,"name":"Sustainability","item":"https:\/\/osf.pe\/sustainability\/"},{"@type":"ListItem","position":3,"name":"Chalanita Oceano"}]}]}},"_links":{"self":[{"href":"https:\/\/osf.pe\/es\/wp-json\/wp\/v2\/pages\/1283"}],"collection":[{"href":"https:\/\/osf.pe\/es\/wp-json\/wp\/v2\/pages"}],"about":[{"href":"https:\/\/osf.pe\/es\/wp-json\/wp\/v2\/types\/page"}],"author":[{"embeddable":true,"href":"https:\/\/osf.pe\/es\/wp-json\/wp\/v2\/users\/2"}],"replies":[{"embeddable":true,"href":"https:\/\/osf.pe\/es\/wp-json\/wp\/v2\/comments?post=1283"}],"version-history":[{"count":1,"href":"https:\/\/osf.pe\/es\/wp-json\/wp\/v2\/pages\/1283\/revisions"}],"predecessor-version":[{"id":1284,"href":"https:\/\/osf.pe\/es\/wp-json\/wp\/v2\/pages\/1283\/revisions\/1284"}],"up":[{"embeddable":true,"href":"https:\/\/osf.pe\/es\/wp-json\/wp\/v2\/pages\/87"}],"wp:featuredmedia":[{"embeddable":true,"href":"https:\/\/osf.pe\/es\/wp-json\/wp\/v2\/media\/1207"}],"wp:attachment":[{"href":"https:\/\/osf.pe\/es\/wp-json\/wp\/v2\/media?parent=1283"}],"curies":[{"name":"wp","href":"https:\/\/api.w.org\/{rel}","templated":true}]}}