{"id":1287,"date":"2022-04-21T21:21:36","date_gmt":"2022-04-22T02:21:36","guid":{"rendered":"https:\/\/osf.pe\/?page_id=1287"},"modified":"2023-04-04T11:49:30","modified_gmt":"2023-04-04T16:49:30","slug":"indicadores-ambientales","status":"publish","type":"page","link":"https:\/\/osf.pe\/es\/entorno\/indicadores-ambientales\/","title":{"rendered":"Matriz de Indicadores Ambientales"},"content":{"rendered":"<p>Implementamos el uso de una matriz de indicadores ambientales, como consumo de agua, energ\u00eda y manejo de residuos s\u00f3lidos, la cual nos permite identificar oportunidades para aumentar nuestra eficiencia de producci\u00f3n y reducir nuestro consumo de recursos. Este es un paso cr\u00edtico para contribuir al desarrollo de la econom\u00eda circular en nuestro sector asegurando rentabilidad.<\/p>\n","protected":false},"excerpt":{"rendered":"<p>Implementamos el uso de una matriz de indicadores ambientales, como consumo de agua, energ\u00eda y manejo de residuos s\u00f3lidos, la cual nos permite identificar oportunidades para aumentar nuestra eficiencia de producci\u00f3n y reducir nuestro consumo de recursos. Este es un paso cr\u00edtico para contribuir al desarrollo de la econom\u00eda circular en nuestro sector asegurando rentabilidad.<\/p>\n","protected":false},"author":2,"featured_media":1185,"parent":87,"menu_order":7,"comment_status":"closed","ping_status":"closed","template":"templates\/environment-comite.php","meta":{"inline_featured_image":false},"acf":[],"yoast_head":"<!-- This site is optimized with the Yoast SEO plugin v18.4.1 - https:\/\/yoast.com\/wordpress\/plugins\/seo\/ -->\n<title>Matriz de Indicadores Ambientales - Oceano Seafood<\/title>\n<meta name=\"robots\" content=\"index, follow, max-snippet:-1, max-image-preview:large, max-video-preview:-1\" \/>\n<link rel=\"canonical\" href=\"https:\/\/osf.pe\/es\/entorno\/indicadores-ambientales\/\" \/>\n<meta property=\"og:locale\" content=\"es_ES\" \/>\n<meta property=\"og:type\" content=\"article\" \/>\n<meta property=\"og:title\" content=\"Matriz de Indicadores Ambientales - Oceano Seafood\" \/>\n<meta property=\"og:description\" content=\"Implementamos el uso de una matriz de indicadores ambientales, como consumo de agua, energ\u00eda y manejo de residuos s\u00f3lidos, la cual nos permite identificar oportunidades para aumentar nuestra eficiencia de producci\u00f3n y reducir nuestro consumo de recursos. Este es un paso cr\u00edtico para contribuir al desarrollo de la econom\u00eda circular en nuestro sector asegurando rentabilidad.\" \/>\n<meta property=\"og:url\" content=\"https:\/\/osf.pe\/es\/entorno\/indicadores-ambientales\/\" \/>\n<meta property=\"og:site_name\" content=\"Oceano Seafood\" \/>\n<meta property=\"article:modified_time\" content=\"2023-04-04T16:49:30+00:00\" \/>\n<meta property=\"og:image\" content=\"https:\/\/osf.pe\/wp-content\/uploads\/2023\/02\/foto-Environmental-KPIs.png\" \/>\n\t<meta property=\"og:image:width\" content=\"770\" \/>\n\t<meta property=\"og:image:height\" content=\"344\" \/>\n\t<meta property=\"og:image:type\" content=\"image\/png\" \/>\n<meta name=\"twitter:card\" content=\"summary_large_image\" \/>\n<meta name=\"twitter:label1\" content=\"Tiempo de lectura\" \/>\n\t<meta name=\"twitter:data1\" content=\"1 minuto\" \/>\n<script type=\"application\/ld+json\" class=\"yoast-schema-graph\">{\"@context\":\"https:\/\/schema.org\",\"@graph\":[{\"@type\":\"WebSite\",\"@id\":\"https:\/\/osf.pe\/#website\",\"url\":\"https:\/\/osf.pe\/\",\"name\":\"Oceano Seafood\",\"description\":\"Just another WordPress site\",\"potentialAction\":[{\"@type\":\"SearchAction\",\"target\":{\"@type\":\"EntryPoint\",\"urlTemplate\":\"https:\/\/osf.pe\/?s={search_term_string}\"},\"query-input\":\"required name=search_term_string\"}],\"inLanguage\":\"es\"},{\"@type\":\"ImageObject\",\"@id\":\"https:\/\/osf.pe\/es\/entorno\/indicadores-ambientales\/#primaryimage\",\"inLanguage\":\"es\",\"url\":\"https:\/\/osf.pe\/wp-content\/uploads\/2023\/02\/foto-Environmental-KPIs.png\",\"contentUrl\":\"https:\/\/osf.pe\/wp-content\/uploads\/2023\/02\/foto-Environmental-KPIs.png\",\"width\":770,\"height\":344},{\"@type\":\"WebPage\",\"@id\":\"https:\/\/osf.pe\/es\/entorno\/indicadores-ambientales\/#webpage\",\"url\":\"https:\/\/osf.pe\/es\/entorno\/indicadores-ambientales\/\",\"name\":\"Matriz de Indicadores Ambientales - Oceano Seafood\",\"isPartOf\":{\"@id\":\"https:\/\/osf.pe\/#website\"},\"primaryImageOfPage\":{\"@id\":\"https:\/\/osf.pe\/es\/entorno\/indicadores-ambientales\/#primaryimage\"},\"datePublished\":\"2022-04-22T02:21:36+00:00\",\"dateModified\":\"2023-04-04T16:49:30+00:00\",\"breadcrumb\":{\"@id\":\"https:\/\/osf.pe\/es\/entorno\/indicadores-ambientales\/#breadcrumb\"},\"inLanguage\":\"es\",\"potentialAction\":[{\"@type\":\"ReadAction\",\"target\":[\"https:\/\/osf.pe\/es\/entorno\/indicadores-ambientales\/\"]}]},{\"@type\":\"BreadcrumbList\",\"@id\":\"https:\/\/osf.pe\/es\/entorno\/indicadores-ambientales\/#breadcrumb\",\"itemListElement\":[{\"@type\":\"ListItem\",\"position\":1,\"name\":\"Portada\",\"item\":\"https:\/\/osf.pe\/es\/\"},{\"@type\":\"ListItem\",\"position\":2,\"name\":\"Sostenibilidad\",\"item\":\"https:\/\/osf.pe\/es\/entorno\/\"},{\"@type\":\"ListItem\",\"position\":3,\"name\":\"Matriz de Indicadores Ambientales\"}]}]}<\/script>\n<!-- \/ Yoast SEO plugin. -->","yoast_head_json":{"title":"Matriz de Indicadores Ambientales - Oceano Seafood","robots":{"index":"index","follow":"follow","max-snippet":"max-snippet:-1","max-image-preview":"max-image-preview:large","max-video-preview":"max-video-preview:-1"},"canonical":"https:\/\/osf.pe\/es\/entorno\/indicadores-ambientales\/","og_locale":"es_ES","og_type":"article","og_title":"Matriz de Indicadores Ambientales - Oceano Seafood","og_description":"Implementamos el uso de una matriz de indicadores ambientales, como consumo de agua, energ\u00eda y manejo de residuos s\u00f3lidos, la cual nos permite identificar oportunidades para aumentar nuestra eficiencia de producci\u00f3n y reducir nuestro consumo de recursos. Este es un paso cr\u00edtico para contribuir al desarrollo de la econom\u00eda circular en nuestro sector asegurando rentabilidad.","og_url":"https:\/\/osf.pe\/es\/entorno\/indicadores-ambientales\/","og_site_name":"Oceano Seafood","article_modified_time":"2023-04-04T16:49:30+00:00","og_image":[{"width":770,"height":344,"url":"https:\/\/osf.pe\/wp-content\/uploads\/2023\/02\/foto-Environmental-KPIs.png","type":"image\/png"}],"twitter_card":"summary_large_image","twitter_misc":{"Tiempo de lectura":"1 minuto"},"schema":{"@context":"https:\/\/schema.org","@graph":[{"@type":"WebSite","@id":"https:\/\/osf.pe\/#website","url":"https:\/\/osf.pe\/","name":"Oceano Seafood","description":"Just another WordPress site","potentialAction":[{"@type":"SearchAction","target":{"@type":"EntryPoint","urlTemplate":"https:\/\/osf.pe\/?s={search_term_string}"},"query-input":"required name=search_term_string"}],"inLanguage":"es"},{"@type":"ImageObject","@id":"https:\/\/osf.pe\/es\/entorno\/indicadores-ambientales\/#primaryimage","inLanguage":"es","url":"https:\/\/osf.pe\/wp-content\/uploads\/2023\/02\/foto-Environmental-KPIs.png","contentUrl":"https:\/\/osf.pe\/wp-content\/uploads\/2023\/02\/foto-Environmental-KPIs.png","width":770,"height":344},{"@type":"WebPage","@id":"https:\/\/osf.pe\/es\/entorno\/indicadores-ambientales\/#webpage","url":"https:\/\/osf.pe\/es\/entorno\/indicadores-ambientales\/","name":"Matriz de Indicadores Ambientales - Oceano Seafood","isPartOf":{"@id":"https:\/\/osf.pe\/#website"},"primaryImageOfPage":{"@id":"https:\/\/osf.pe\/es\/entorno\/indicadores-ambientales\/#primaryimage"},"datePublished":"2022-04-22T02:21:36+00:00","dateModified":"2023-04-04T16:49:30+00:00","breadcrumb":{"@id":"https:\/\/osf.pe\/es\/entorno\/indicadores-ambientales\/#breadcrumb"},"inLanguage":"es","potentialAction":[{"@type":"ReadAction","target":["https:\/\/osf.pe\/es\/entorno\/indicadores-ambientales\/"]}]},{"@type":"BreadcrumbList","@id":"https:\/\/osf.pe\/es\/entorno\/indicadores-ambientales\/#breadcrumb","itemListElement":[{"@type":"ListItem","position":1,"name":"Portada","item":"https:\/\/osf.pe\/es\/"},{"@type":"ListItem","position":2,"name":"Sostenibilidad","item":"https:\/\/osf.pe\/es\/entorno\/"},{"@type":"ListItem","position":3,"name":"Matriz de Indicadores Ambientales"}]}]}},"_links":{"self":[{"href":"https:\/\/osf.pe\/es\/wp-json\/wp\/v2\/pages\/1287"}],"collection":[{"href":"https:\/\/osf.pe\/es\/wp-json\/wp\/v2\/pages"}],"about":[{"href":"https:\/\/osf.pe\/es\/wp-json\/wp\/v2\/types\/page"}],"author":[{"embeddable":true,"href":"https:\/\/osf.pe\/es\/wp-json\/wp\/v2\/users\/2"}],"replies":[{"embeddable":true,"href":"https:\/\/osf.pe\/es\/wp-json\/wp\/v2\/comments?post=1287"}],"version-history":[{"count":3,"href":"https:\/\/osf.pe\/es\/wp-json\/wp\/v2\/pages\/1287\/revisions"}],"predecessor-version":[{"id":1297,"href":"https:\/\/osf.pe\/es\/wp-json\/wp\/v2\/pages\/1287\/revisions\/1297"}],"up":[{"embeddable":true,"href":"https:\/\/osf.pe\/es\/wp-json\/wp\/v2\/pages\/87"}],"wp:featuredmedia":[{"embeddable":true,"href":"https:\/\/osf.pe\/es\/wp-json\/wp\/v2\/media\/1185"}],"wp:attachment":[{"href":"https:\/\/osf.pe\/es\/wp-json\/wp\/v2\/media?parent=1287"}],"curies":[{"name":"wp","href":"https:\/\/api.w.org\/{rel}","templated":true}]}}