{"id":1289,"date":"2023-03-15T15:31:33","date_gmt":"2023-03-15T20:31:33","guid":{"rendered":"https:\/\/osf.pe\/?page_id=1289"},"modified":"2023-03-15T15:31:33","modified_gmt":"2023-03-15T20:31:33","slug":"calamar-gigante","status":"publish","type":"page","link":"https:\/\/osf.pe\/es\/entorno\/calamar-gigante\/","title":{"rendered":"Calamar Gigante &#8211; FIP"},"content":{"rendered":"<p>Pertenecemos a la C\u00e1mara de Calamares Gigantes (Capecal) peruanos, compuesto por empresas de procesamiento y exportador de calamares gigantes peruanos. Esta es una asociaci\u00f3n voluntaria que busca articular esfuerzos con los actores en la cadena de valor de la pesquer\u00eda de calamares gigantes, para mejorar los est\u00e1ndares e implementar el programa de mejora de la pesca de los calamares gigantes.<\/p>\n","protected":false},"excerpt":{"rendered":"<p>Pertenecemos a la C\u00e1mara de Calamares Gigantes (Capecal) peruanos, compuesto por empresas de procesamiento y exportador de calamares gigantes peruanos. Esta es una asociaci\u00f3n voluntaria que busca articular esfuerzos con los actores en la cadena de valor de la pesquer\u00eda de calamares gigantes, para mejorar los est\u00e1ndares e implementar el programa de mejora de la [&hellip;]<\/p>\n","protected":false},"author":2,"featured_media":1201,"parent":87,"menu_order":7,"comment_status":"closed","ping_status":"closed","template":"templates\/environment-comite.php","meta":{"inline_featured_image":false},"acf":[],"yoast_head":"<!-- This site is optimized with the Yoast SEO plugin v18.4.1 - https:\/\/yoast.com\/wordpress\/plugins\/seo\/ -->\n<title>Calamar Gigante - FIP - Oceano Seafood<\/title>\n<meta name=\"robots\" content=\"index, follow, max-snippet:-1, max-image-preview:large, max-video-preview:-1\" \/>\n<link rel=\"canonical\" href=\"https:\/\/osf.pe\/es\/sustainability\/calamar-gigante\/\" \/>\n<meta property=\"og:locale\" content=\"es_ES\" \/>\n<meta property=\"og:type\" content=\"article\" \/>\n<meta property=\"og:title\" content=\"Calamar Gigante - FIP - Oceano Seafood\" \/>\n<meta property=\"og:description\" content=\"Pertenecemos a la C\u00e1mara de Calamares Gigantes (Capecal) peruanos, compuesto por empresas de procesamiento y exportador de calamares gigantes peruanos. Esta es una asociaci\u00f3n voluntaria que busca articular esfuerzos con los actores en la cadena de valor de la pesquer\u00eda de calamares gigantes, para mejorar los est\u00e1ndares e implementar el programa de mejora de la [&hellip;]\" \/>\n<meta property=\"og:url\" content=\"https:\/\/osf.pe\/es\/sustainability\/calamar-gigante\/\" \/>\n<meta property=\"og:site_name\" content=\"Oceano Seafood\" \/>\n<meta property=\"og:image\" content=\"https:\/\/osf.pe\/wp-content\/uploads\/2023\/02\/foto-FIP-gicant-squid.png\" \/>\n\t<meta property=\"og:image:width\" content=\"770\" \/>\n\t<meta property=\"og:image:height\" content=\"344\" \/>\n\t<meta property=\"og:image:type\" content=\"image\/png\" \/>\n<meta name=\"twitter:card\" content=\"summary_large_image\" \/>\n<meta name=\"twitter:label1\" content=\"Tiempo de lectura\" \/>\n\t<meta name=\"twitter:data1\" content=\"1 minuto\" \/>\n<script type=\"application\/ld+json\" class=\"yoast-schema-graph\">{\"@context\":\"https:\/\/schema.org\",\"@graph\":[{\"@type\":\"WebSite\",\"@id\":\"https:\/\/osf.pe\/#website\",\"url\":\"https:\/\/osf.pe\/\",\"name\":\"Oceano Seafood\",\"description\":\"Just another WordPress site\",\"potentialAction\":[{\"@type\":\"SearchAction\",\"target\":{\"@type\":\"EntryPoint\",\"urlTemplate\":\"https:\/\/osf.pe\/?s={search_term_string}\"},\"query-input\":\"required name=search_term_string\"}],\"inLanguage\":\"es\"},{\"@type\":\"ImageObject\",\"@id\":\"https:\/\/osf.pe\/es\/sustainability\/calamar-gigante\/#primaryimage\",\"inLanguage\":\"es\",\"url\":\"https:\/\/osf.pe\/wp-content\/uploads\/2023\/02\/foto-FIP-gicant-squid.png\",\"contentUrl\":\"https:\/\/osf.pe\/wp-content\/uploads\/2023\/02\/foto-FIP-gicant-squid.png\",\"width\":770,\"height\":344},{\"@type\":\"WebPage\",\"@id\":\"https:\/\/osf.pe\/es\/sustainability\/calamar-gigante\/#webpage\",\"url\":\"https:\/\/osf.pe\/es\/sustainability\/calamar-gigante\/\",\"name\":\"Calamar Gigante - FIP - Oceano Seafood\",\"isPartOf\":{\"@id\":\"https:\/\/osf.pe\/#website\"},\"primaryImageOfPage\":{\"@id\":\"https:\/\/osf.pe\/es\/sustainability\/calamar-gigante\/#primaryimage\"},\"datePublished\":\"2023-03-15T20:31:33+00:00\",\"dateModified\":\"2023-03-15T20:31:33+00:00\",\"breadcrumb\":{\"@id\":\"https:\/\/osf.pe\/es\/sustainability\/calamar-gigante\/#breadcrumb\"},\"inLanguage\":\"es\",\"potentialAction\":[{\"@type\":\"ReadAction\",\"target\":[\"https:\/\/osf.pe\/es\/sustainability\/calamar-gigante\/\"]}]},{\"@type\":\"BreadcrumbList\",\"@id\":\"https:\/\/osf.pe\/es\/sustainability\/calamar-gigante\/#breadcrumb\",\"itemListElement\":[{\"@type\":\"ListItem\",\"position\":1,\"name\":\"Portada\",\"item\":\"https:\/\/osf.pe\/es\/\"},{\"@type\":\"ListItem\",\"position\":2,\"name\":\"Sustainability\",\"item\":\"https:\/\/osf.pe\/sustainability\/\"},{\"@type\":\"ListItem\",\"position\":3,\"name\":\"Calamar Gigante &#8211; FIP\"}]}]}<\/script>\n<!-- \/ Yoast SEO plugin. -->","yoast_head_json":{"title":"Calamar Gigante - FIP - Oceano Seafood","robots":{"index":"index","follow":"follow","max-snippet":"max-snippet:-1","max-image-preview":"max-image-preview:large","max-video-preview":"max-video-preview:-1"},"canonical":"https:\/\/osf.pe\/es\/sustainability\/calamar-gigante\/","og_locale":"es_ES","og_type":"article","og_title":"Calamar Gigante - FIP - Oceano Seafood","og_description":"Pertenecemos a la C\u00e1mara de Calamares Gigantes (Capecal) peruanos, compuesto por empresas de procesamiento y exportador de calamares gigantes peruanos. Esta es una asociaci\u00f3n voluntaria que busca articular esfuerzos con los actores en la cadena de valor de la pesquer\u00eda de calamares gigantes, para mejorar los est\u00e1ndares e implementar el programa de mejora de la [&hellip;]","og_url":"https:\/\/osf.pe\/es\/sustainability\/calamar-gigante\/","og_site_name":"Oceano Seafood","og_image":[{"width":770,"height":344,"url":"https:\/\/osf.pe\/wp-content\/uploads\/2023\/02\/foto-FIP-gicant-squid.png","type":"image\/png"}],"twitter_card":"summary_large_image","twitter_misc":{"Tiempo de lectura":"1 minuto"},"schema":{"@context":"https:\/\/schema.org","@graph":[{"@type":"WebSite","@id":"https:\/\/osf.pe\/#website","url":"https:\/\/osf.pe\/","name":"Oceano Seafood","description":"Just another WordPress site","potentialAction":[{"@type":"SearchAction","target":{"@type":"EntryPoint","urlTemplate":"https:\/\/osf.pe\/?s={search_term_string}"},"query-input":"required name=search_term_string"}],"inLanguage":"es"},{"@type":"ImageObject","@id":"https:\/\/osf.pe\/es\/sustainability\/calamar-gigante\/#primaryimage","inLanguage":"es","url":"https:\/\/osf.pe\/wp-content\/uploads\/2023\/02\/foto-FIP-gicant-squid.png","contentUrl":"https:\/\/osf.pe\/wp-content\/uploads\/2023\/02\/foto-FIP-gicant-squid.png","width":770,"height":344},{"@type":"WebPage","@id":"https:\/\/osf.pe\/es\/sustainability\/calamar-gigante\/#webpage","url":"https:\/\/osf.pe\/es\/sustainability\/calamar-gigante\/","name":"Calamar Gigante - FIP - Oceano Seafood","isPartOf":{"@id":"https:\/\/osf.pe\/#website"},"primaryImageOfPage":{"@id":"https:\/\/osf.pe\/es\/sustainability\/calamar-gigante\/#primaryimage"},"datePublished":"2023-03-15T20:31:33+00:00","dateModified":"2023-03-15T20:31:33+00:00","breadcrumb":{"@id":"https:\/\/osf.pe\/es\/sustainability\/calamar-gigante\/#breadcrumb"},"inLanguage":"es","potentialAction":[{"@type":"ReadAction","target":["https:\/\/osf.pe\/es\/sustainability\/calamar-gigante\/"]}]},{"@type":"BreadcrumbList","@id":"https:\/\/osf.pe\/es\/sustainability\/calamar-gigante\/#breadcrumb","itemListElement":[{"@type":"ListItem","position":1,"name":"Portada","item":"https:\/\/osf.pe\/es\/"},{"@type":"ListItem","position":2,"name":"Sustainability","item":"https:\/\/osf.pe\/sustainability\/"},{"@type":"ListItem","position":3,"name":"Calamar Gigante &#8211; FIP"}]}]}},"_links":{"self":[{"href":"https:\/\/osf.pe\/es\/wp-json\/wp\/v2\/pages\/1289"}],"collection":[{"href":"https:\/\/osf.pe\/es\/wp-json\/wp\/v2\/pages"}],"about":[{"href":"https:\/\/osf.pe\/es\/wp-json\/wp\/v2\/types\/page"}],"author":[{"embeddable":true,"href":"https:\/\/osf.pe\/es\/wp-json\/wp\/v2\/users\/2"}],"replies":[{"embeddable":true,"href":"https:\/\/osf.pe\/es\/wp-json\/wp\/v2\/comments?post=1289"}],"version-history":[{"count":1,"href":"https:\/\/osf.pe\/es\/wp-json\/wp\/v2\/pages\/1289\/revisions"}],"predecessor-version":[{"id":1290,"href":"https:\/\/osf.pe\/es\/wp-json\/wp\/v2\/pages\/1289\/revisions\/1290"}],"up":[{"embeddable":true,"href":"https:\/\/osf.pe\/es\/wp-json\/wp\/v2\/pages\/87"}],"wp:featuredmedia":[{"embeddable":true,"href":"https:\/\/osf.pe\/es\/wp-json\/wp\/v2\/media\/1201"}],"wp:attachment":[{"href":"https:\/\/osf.pe\/es\/wp-json\/wp\/v2\/media?parent=1289"}],"curies":[{"name":"wp","href":"https:\/\/api.w.org\/{rel}","templated":true}]}}