{"id":1292,"date":"2023-03-15T15:46:15","date_gmt":"2023-03-15T20:46:15","guid":{"rendered":"https:\/\/osf.pe\/?page_id=1292"},"modified":"2023-03-15T15:46:15","modified_gmt":"2023-03-15T20:46:15","slug":"curso-pesca-artesanal-sostenible","status":"publish","type":"page","link":"https:\/\/osf.pe\/es\/entorno\/curso-pesca-artesanal-sostenible\/","title":{"rendered":"Curso de pesca Artesanal Sostenible"},"content":{"rendered":"<p>En alianza con la Facultad de Ingenier\u00eda de Pesca de la Universidad Nacional de Piura, desarrollamos el primer curso sobre Pesca Artesanal Sostenida, certificada por la universidad y dirigida a los pescadores artesanales. En total de 13 pescadores artesanales se graduaron de la primera edici\u00f3n de este curso. Los principales temas incluyen: Saneamiento, Sostenibilidad, Tecnificaci\u00f3n y Gesti\u00f3n de Recursos Pesqueros.<\/p>\n","protected":false},"excerpt":{"rendered":"<p>En alianza con la Facultad de Ingenier\u00eda de Pesca de la Universidad Nacional de Piura, desarrollamos el primer curso sobre Pesca Artesanal Sostenida, certificada por la universidad y dirigida a los pescadores artesanales. En total de 13 pescadores artesanales se graduaron de la primera edici\u00f3n de este curso. Los principales temas incluyen: Saneamiento, Sostenibilidad, Tecnificaci\u00f3n [&hellip;]<\/p>\n","protected":false},"author":2,"featured_media":1199,"parent":87,"menu_order":7,"comment_status":"closed","ping_status":"closed","template":"templates\/environment-comite.php","meta":{"_acf_changed":false,"inline_featured_image":false,"footnotes":""},"class_list":["post-1292","page","type-page","status-publish","has-post-thumbnail","hentry"],"acf":[],"yoast_head":"<!-- This site is optimized with the Yoast SEO plugin v27.4 - https:\/\/yoast.com\/product\/yoast-seo-wordpress\/ -->\n<title>Curso de pesca Artesanal Sostenible - Oceano Seafood<\/title>\n<meta name=\"robots\" content=\"index, follow, max-snippet:-1, max-image-preview:large, max-video-preview:-1\" \/>\n<link rel=\"canonical\" href=\"https:\/\/osf.pe\/es\/curso-pesca-artesanal-sostenible\/\" \/>\n<meta property=\"og:locale\" content=\"es_ES\" \/>\n<meta property=\"og:type\" content=\"article\" \/>\n<meta property=\"og:title\" content=\"Curso de pesca Artesanal Sostenible - Oceano Seafood\" \/>\n<meta property=\"og:description\" content=\"En alianza con la Facultad de Ingenier\u00eda de Pesca de la Universidad Nacional de Piura, desarrollamos el primer curso sobre Pesca Artesanal Sostenida, certificada por la universidad y dirigida a los pescadores artesanales. En total de 13 pescadores artesanales se graduaron de la primera edici\u00f3n de este curso. Los principales temas incluyen: Saneamiento, Sostenibilidad, Tecnificaci\u00f3n [&hellip;]\" \/>\n<meta property=\"og:url\" content=\"https:\/\/osf.pe\/es\/curso-pesca-artesanal-sostenible\/\" \/>\n<meta property=\"og:site_name\" content=\"Oceano Seafood\" \/>\n<meta property=\"og:image\" content=\"https:\/\/osf.pe\/wp-content\/uploads\/2023\/02\/foto-sustainabre.png\" \/>\n\t<meta property=\"og:image:width\" content=\"770\" \/>\n\t<meta property=\"og:image:height\" content=\"344\" \/>\n\t<meta property=\"og:image:type\" content=\"image\/png\" \/>\n<meta name=\"twitter:card\" content=\"summary_large_image\" \/>\n<meta name=\"twitter:label1\" content=\"Tiempo de lectura\" \/>\n\t<meta name=\"twitter:data1\" content=\"1 minuto\" \/>\n<script type=\"application\/ld+json\" class=\"yoast-schema-graph\">{\"@context\":\"https:\\\/\\\/schema.org\",\"@graph\":[{\"@type\":\"WebPage\",\"@id\":\"https:\\\/\\\/osf.pe\\\/es\\\/curso-pesca-artesanal-sostenible\\\/\",\"url\":\"https:\\\/\\\/osf.pe\\\/es\\\/curso-pesca-artesanal-sostenible\\\/\",\"name\":\"Curso de pesca Artesanal Sostenible - Oceano Seafood\",\"isPartOf\":{\"@id\":\"https:\\\/\\\/osf.pe\\\/#website\"},\"primaryImageOfPage\":{\"@id\":\"https:\\\/\\\/osf.pe\\\/es\\\/curso-pesca-artesanal-sostenible\\\/#primaryimage\"},\"image\":{\"@id\":\"https:\\\/\\\/osf.pe\\\/es\\\/curso-pesca-artesanal-sostenible\\\/#primaryimage\"},\"thumbnailUrl\":\"https:\\\/\\\/osf.pe\\\/wp-content\\\/uploads\\\/2023\\\/02\\\/foto-sustainabre.png\",\"datePublished\":\"2023-03-15T20:46:15+00:00\",\"breadcrumb\":{\"@id\":\"https:\\\/\\\/osf.pe\\\/es\\\/curso-pesca-artesanal-sostenible\\\/#breadcrumb\"},\"inLanguage\":\"es\",\"potentialAction\":[{\"@type\":\"ReadAction\",\"target\":[\"https:\\\/\\\/osf.pe\\\/es\\\/curso-pesca-artesanal-sostenible\\\/\"]}]},{\"@type\":\"ImageObject\",\"inLanguage\":\"es\",\"@id\":\"https:\\\/\\\/osf.pe\\\/es\\\/curso-pesca-artesanal-sostenible\\\/#primaryimage\",\"url\":\"https:\\\/\\\/osf.pe\\\/wp-content\\\/uploads\\\/2023\\\/02\\\/foto-sustainabre.png\",\"contentUrl\":\"https:\\\/\\\/osf.pe\\\/wp-content\\\/uploads\\\/2023\\\/02\\\/foto-sustainabre.png\",\"width\":770,\"height\":344},{\"@type\":\"BreadcrumbList\",\"@id\":\"https:\\\/\\\/osf.pe\\\/es\\\/curso-pesca-artesanal-sostenible\\\/#breadcrumb\",\"itemListElement\":[{\"@type\":\"ListItem\",\"position\":1,\"name\":\"Portada\",\"item\":\"https:\\\/\\\/osf.pe\\\/es\\\/\"},{\"@type\":\"ListItem\",\"position\":2,\"name\":\"Curso de pesca Artesanal Sostenible\"}]},{\"@type\":\"WebSite\",\"@id\":\"https:\\\/\\\/osf.pe\\\/#website\",\"url\":\"https:\\\/\\\/osf.pe\\\/\",\"name\":\"Oceano Seafood\",\"description\":\"Just another WordPress site\",\"potentialAction\":[{\"@type\":\"SearchAction\",\"target\":{\"@type\":\"EntryPoint\",\"urlTemplate\":\"https:\\\/\\\/osf.pe\\\/?s={search_term_string}\"},\"query-input\":{\"@type\":\"PropertyValueSpecification\",\"valueRequired\":true,\"valueName\":\"search_term_string\"}}],\"inLanguage\":\"es\"}]}<\/script>\n<!-- \/ Yoast SEO plugin. -->","yoast_head_json":{"title":"Curso de pesca Artesanal Sostenible - Oceano Seafood","robots":{"index":"index","follow":"follow","max-snippet":"max-snippet:-1","max-image-preview":"max-image-preview:large","max-video-preview":"max-video-preview:-1"},"canonical":"https:\/\/osf.pe\/es\/curso-pesca-artesanal-sostenible\/","og_locale":"es_ES","og_type":"article","og_title":"Curso de pesca Artesanal Sostenible - Oceano Seafood","og_description":"En alianza con la Facultad de Ingenier\u00eda de Pesca de la Universidad Nacional de Piura, desarrollamos el primer curso sobre Pesca Artesanal Sostenida, certificada por la universidad y dirigida a los pescadores artesanales. En total de 13 pescadores artesanales se graduaron de la primera edici\u00f3n de este curso. Los principales temas incluyen: Saneamiento, Sostenibilidad, Tecnificaci\u00f3n [&hellip;]","og_url":"https:\/\/osf.pe\/es\/curso-pesca-artesanal-sostenible\/","og_site_name":"Oceano Seafood","og_image":[{"width":770,"height":344,"url":"https:\/\/osf.pe\/wp-content\/uploads\/2023\/02\/foto-sustainabre.png","type":"image\/png"}],"twitter_card":"summary_large_image","twitter_misc":{"Tiempo de lectura":"1 minuto"},"schema":{"@context":"https:\/\/schema.org","@graph":[{"@type":"WebPage","@id":"https:\/\/osf.pe\/es\/curso-pesca-artesanal-sostenible\/","url":"https:\/\/osf.pe\/es\/curso-pesca-artesanal-sostenible\/","name":"Curso de pesca Artesanal Sostenible - Oceano Seafood","isPartOf":{"@id":"https:\/\/osf.pe\/#website"},"primaryImageOfPage":{"@id":"https:\/\/osf.pe\/es\/curso-pesca-artesanal-sostenible\/#primaryimage"},"image":{"@id":"https:\/\/osf.pe\/es\/curso-pesca-artesanal-sostenible\/#primaryimage"},"thumbnailUrl":"https:\/\/osf.pe\/wp-content\/uploads\/2023\/02\/foto-sustainabre.png","datePublished":"2023-03-15T20:46:15+00:00","breadcrumb":{"@id":"https:\/\/osf.pe\/es\/curso-pesca-artesanal-sostenible\/#breadcrumb"},"inLanguage":"es","potentialAction":[{"@type":"ReadAction","target":["https:\/\/osf.pe\/es\/curso-pesca-artesanal-sostenible\/"]}]},{"@type":"ImageObject","inLanguage":"es","@id":"https:\/\/osf.pe\/es\/curso-pesca-artesanal-sostenible\/#primaryimage","url":"https:\/\/osf.pe\/wp-content\/uploads\/2023\/02\/foto-sustainabre.png","contentUrl":"https:\/\/osf.pe\/wp-content\/uploads\/2023\/02\/foto-sustainabre.png","width":770,"height":344},{"@type":"BreadcrumbList","@id":"https:\/\/osf.pe\/es\/curso-pesca-artesanal-sostenible\/#breadcrumb","itemListElement":[{"@type":"ListItem","position":1,"name":"Portada","item":"https:\/\/osf.pe\/es\/"},{"@type":"ListItem","position":2,"name":"Curso de pesca Artesanal Sostenible"}]},{"@type":"WebSite","@id":"https:\/\/osf.pe\/#website","url":"https:\/\/osf.pe\/","name":"Oceano Seafood","description":"Just another WordPress site","potentialAction":[{"@type":"SearchAction","target":{"@type":"EntryPoint","urlTemplate":"https:\/\/osf.pe\/?s={search_term_string}"},"query-input":{"@type":"PropertyValueSpecification","valueRequired":true,"valueName":"search_term_string"}}],"inLanguage":"es"}]}},"_links":{"self":[{"href":"https:\/\/osf.pe\/es\/wp-json\/wp\/v2\/pages\/1292","targetHints":{"allow":["GET"]}}],"collection":[{"href":"https:\/\/osf.pe\/es\/wp-json\/wp\/v2\/pages"}],"about":[{"href":"https:\/\/osf.pe\/es\/wp-json\/wp\/v2\/types\/page"}],"author":[{"embeddable":true,"href":"https:\/\/osf.pe\/es\/wp-json\/wp\/v2\/users\/2"}],"replies":[{"embeddable":true,"href":"https:\/\/osf.pe\/es\/wp-json\/wp\/v2\/comments?post=1292"}],"version-history":[{"count":1,"href":"https:\/\/osf.pe\/es\/wp-json\/wp\/v2\/pages\/1292\/revisions"}],"predecessor-version":[{"id":1293,"href":"https:\/\/osf.pe\/es\/wp-json\/wp\/v2\/pages\/1292\/revisions\/1293"}],"up":[{"embeddable":true,"href":"https:\/\/osf.pe\/es\/wp-json\/wp\/v2\/pages\/87"}],"wp:featuredmedia":[{"embeddable":true,"href":"https:\/\/osf.pe\/es\/wp-json\/wp\/v2\/media\/1199"}],"wp:attachment":[{"href":"https:\/\/osf.pe\/es\/wp-json\/wp\/v2\/media?parent=1292"}],"curies":[{"name":"wp","href":"https:\/\/api.w.org\/{rel}","templated":true}]}}