{"id":621,"date":"2022-04-21T18:23:44","date_gmt":"2022-04-21T18:23:44","guid":{"rendered":"https:\/\/osf.pe\/?page_id=621"},"modified":"2023-02-24T10:52:41","modified_gmt":"2023-02-24T15:52:41","slug":"miembros-de-la-pma","status":"publish","type":"page","link":"https:\/\/osf.pe\/es\/entorno\/miembros-de-la-pma\/","title":{"rendered":"Miembros de la PMA"},"content":{"rendered":"<p><span style=\"font-weight: 400;\">Una de nuestras especies objetivo es el perico o mahi mahi (<\/span><i><span style=\"font-weight: 400;\">Coryphaena hippurus<\/span><\/i><span style=\"font-weight: 400;\">). Para asegurar la sostenibilidad de esta especie nos hemos unido a la Peru Mahi Alliance, una alianza de empresas procesadoras de perico comprometidas con la sostenibilidad del recurso y conscientes de su rol para el desarrollo de una pesquer\u00eda artesanal sostenible en el Per\u00fa, que garantice la alimentaci\u00f3n para el futuro y salud del ecosistema.<\/span><\/p>\n<p><span style=\"font-weight: 400;\">Asimismo, nos unimos al proyecto de mejora de pesquer\u00eda o FIP, por sus siglas en ingl\u00e9s, liderado por la WWF en Per\u00fa. <\/span><span style=\"font-weight: 400;\">En este se dise\u00f1a y desarrolla un plan de acci\u00f3n con los aspectos que deben ser mejorados en la pesquer\u00eda, para alcanzar su sostenibilidad en base a los tres principios de Marine Stewardship Council (MSC).<\/span><\/p>\n","protected":false},"excerpt":{"rendered":"<p>Una de nuestras especies objetivo es el perico o mahi mahi (Coryphaena hippurus). Para asegurar la sostenibilidad de esta especie nos hemos unido a la Peru Mahi Alliance, una alianza de empresas procesadoras de perico comprometidas con la sostenibilidad del recurso y conscientes de su rol para el desarrollo de una pesquer\u00eda artesanal sostenible en [&hellip;]<\/p>\n","protected":false},"author":2,"featured_media":1032,"parent":87,"menu_order":2,"comment_status":"closed","ping_status":"closed","template":"templates\/environment-comite.php","meta":{"inline_featured_image":false},"acf":[],"yoast_head":"<!-- This site is optimized with the Yoast SEO plugin v18.4.1 - https:\/\/yoast.com\/wordpress\/plugins\/seo\/ -->\n<title>Miembros de la PMA - Oceano Seafood<\/title>\n<meta name=\"robots\" content=\"index, follow, max-snippet:-1, max-image-preview:large, max-video-preview:-1\" \/>\n<link rel=\"canonical\" href=\"https:\/\/osf.pe\/es\/entorno\/miembros-de-la-pma\/\" \/>\n<meta property=\"og:locale\" content=\"es_ES\" \/>\n<meta property=\"og:type\" content=\"article\" \/>\n<meta property=\"og:title\" content=\"Miembros de la PMA - Oceano Seafood\" \/>\n<meta property=\"og:description\" content=\"Una de nuestras especies objetivo es el perico o mahi mahi (Coryphaena hippurus). Para asegurar la sostenibilidad de esta especie nos hemos unido a la Peru Mahi Alliance, una alianza de empresas procesadoras de perico comprometidas con la sostenibilidad del recurso y conscientes de su rol para el desarrollo de una pesquer\u00eda artesanal sostenible en [&hellip;]\" \/>\n<meta property=\"og:url\" content=\"https:\/\/osf.pe\/es\/entorno\/miembros-de-la-pma\/\" \/>\n<meta property=\"og:site_name\" content=\"Oceano Seafood\" \/>\n<meta property=\"article:modified_time\" content=\"2023-02-24T15:52:41+00:00\" \/>\n<meta property=\"og:image\" content=\"https:\/\/osf.pe\/wp-content\/uploads\/2022\/04\/New-PMA.jpeg\" \/>\n\t<meta property=\"og:image:width\" content=\"532\" \/>\n\t<meta property=\"og:image:height\" content=\"238\" \/>\n\t<meta property=\"og:image:type\" content=\"image\/jpeg\" \/>\n<meta name=\"twitter:card\" content=\"summary_large_image\" \/>\n<meta name=\"twitter:label1\" content=\"Tiempo de lectura\" \/>\n\t<meta name=\"twitter:data1\" content=\"1 minuto\" \/>\n<script type=\"application\/ld+json\" class=\"yoast-schema-graph\">{\"@context\":\"https:\/\/schema.org\",\"@graph\":[{\"@type\":\"WebSite\",\"@id\":\"https:\/\/osf.pe\/#website\",\"url\":\"https:\/\/osf.pe\/\",\"name\":\"Oceano Seafood\",\"description\":\"Just another WordPress site\",\"potentialAction\":[{\"@type\":\"SearchAction\",\"target\":{\"@type\":\"EntryPoint\",\"urlTemplate\":\"https:\/\/osf.pe\/?s={search_term_string}\"},\"query-input\":\"required name=search_term_string\"}],\"inLanguage\":\"es\"},{\"@type\":\"ImageObject\",\"@id\":\"https:\/\/osf.pe\/es\/entorno\/miembros-de-la-pma\/#primaryimage\",\"inLanguage\":\"es\",\"url\":\"https:\/\/osf.pe\/wp-content\/uploads\/2022\/04\/New-PMA.jpeg\",\"contentUrl\":\"https:\/\/osf.pe\/wp-content\/uploads\/2022\/04\/New-PMA.jpeg\",\"width\":532,\"height\":238},{\"@type\":\"WebPage\",\"@id\":\"https:\/\/osf.pe\/es\/entorno\/miembros-de-la-pma\/#webpage\",\"url\":\"https:\/\/osf.pe\/es\/entorno\/miembros-de-la-pma\/\",\"name\":\"Miembros de la PMA - Oceano Seafood\",\"isPartOf\":{\"@id\":\"https:\/\/osf.pe\/#website\"},\"primaryImageOfPage\":{\"@id\":\"https:\/\/osf.pe\/es\/entorno\/miembros-de-la-pma\/#primaryimage\"},\"datePublished\":\"2022-04-21T18:23:44+00:00\",\"dateModified\":\"2023-02-24T15:52:41+00:00\",\"breadcrumb\":{\"@id\":\"https:\/\/osf.pe\/es\/entorno\/miembros-de-la-pma\/#breadcrumb\"},\"inLanguage\":\"es\",\"potentialAction\":[{\"@type\":\"ReadAction\",\"target\":[\"https:\/\/osf.pe\/es\/entorno\/miembros-de-la-pma\/\"]}]},{\"@type\":\"BreadcrumbList\",\"@id\":\"https:\/\/osf.pe\/es\/entorno\/miembros-de-la-pma\/#breadcrumb\",\"itemListElement\":[{\"@type\":\"ListItem\",\"position\":1,\"name\":\"Portada\",\"item\":\"https:\/\/osf.pe\/es\/\"},{\"@type\":\"ListItem\",\"position\":2,\"name\":\"Sostenibilidad\",\"item\":\"https:\/\/osf.pe\/es\/entorno\/\"},{\"@type\":\"ListItem\",\"position\":3,\"name\":\"Miembros de la PMA\"}]}]}<\/script>\n<!-- \/ Yoast SEO plugin. -->","yoast_head_json":{"title":"Miembros de la PMA - Oceano Seafood","robots":{"index":"index","follow":"follow","max-snippet":"max-snippet:-1","max-image-preview":"max-image-preview:large","max-video-preview":"max-video-preview:-1"},"canonical":"https:\/\/osf.pe\/es\/entorno\/miembros-de-la-pma\/","og_locale":"es_ES","og_type":"article","og_title":"Miembros de la PMA - Oceano Seafood","og_description":"Una de nuestras especies objetivo es el perico o mahi mahi (Coryphaena hippurus). Para asegurar la sostenibilidad de esta especie nos hemos unido a la Peru Mahi Alliance, una alianza de empresas procesadoras de perico comprometidas con la sostenibilidad del recurso y conscientes de su rol para el desarrollo de una pesquer\u00eda artesanal sostenible en [&hellip;]","og_url":"https:\/\/osf.pe\/es\/entorno\/miembros-de-la-pma\/","og_site_name":"Oceano Seafood","article_modified_time":"2023-02-24T15:52:41+00:00","og_image":[{"width":532,"height":238,"url":"https:\/\/osf.pe\/wp-content\/uploads\/2022\/04\/New-PMA.jpeg","type":"image\/jpeg"}],"twitter_card":"summary_large_image","twitter_misc":{"Tiempo de lectura":"1 minuto"},"schema":{"@context":"https:\/\/schema.org","@graph":[{"@type":"WebSite","@id":"https:\/\/osf.pe\/#website","url":"https:\/\/osf.pe\/","name":"Oceano Seafood","description":"Just another WordPress site","potentialAction":[{"@type":"SearchAction","target":{"@type":"EntryPoint","urlTemplate":"https:\/\/osf.pe\/?s={search_term_string}"},"query-input":"required name=search_term_string"}],"inLanguage":"es"},{"@type":"ImageObject","@id":"https:\/\/osf.pe\/es\/entorno\/miembros-de-la-pma\/#primaryimage","inLanguage":"es","url":"https:\/\/osf.pe\/wp-content\/uploads\/2022\/04\/New-PMA.jpeg","contentUrl":"https:\/\/osf.pe\/wp-content\/uploads\/2022\/04\/New-PMA.jpeg","width":532,"height":238},{"@type":"WebPage","@id":"https:\/\/osf.pe\/es\/entorno\/miembros-de-la-pma\/#webpage","url":"https:\/\/osf.pe\/es\/entorno\/miembros-de-la-pma\/","name":"Miembros de la PMA - Oceano Seafood","isPartOf":{"@id":"https:\/\/osf.pe\/#website"},"primaryImageOfPage":{"@id":"https:\/\/osf.pe\/es\/entorno\/miembros-de-la-pma\/#primaryimage"},"datePublished":"2022-04-21T18:23:44+00:00","dateModified":"2023-02-24T15:52:41+00:00","breadcrumb":{"@id":"https:\/\/osf.pe\/es\/entorno\/miembros-de-la-pma\/#breadcrumb"},"inLanguage":"es","potentialAction":[{"@type":"ReadAction","target":["https:\/\/osf.pe\/es\/entorno\/miembros-de-la-pma\/"]}]},{"@type":"BreadcrumbList","@id":"https:\/\/osf.pe\/es\/entorno\/miembros-de-la-pma\/#breadcrumb","itemListElement":[{"@type":"ListItem","position":1,"name":"Portada","item":"https:\/\/osf.pe\/es\/"},{"@type":"ListItem","position":2,"name":"Sostenibilidad","item":"https:\/\/osf.pe\/es\/entorno\/"},{"@type":"ListItem","position":3,"name":"Miembros de la PMA"}]}]}},"_links":{"self":[{"href":"https:\/\/osf.pe\/es\/wp-json\/wp\/v2\/pages\/621"}],"collection":[{"href":"https:\/\/osf.pe\/es\/wp-json\/wp\/v2\/pages"}],"about":[{"href":"https:\/\/osf.pe\/es\/wp-json\/wp\/v2\/types\/page"}],"author":[{"embeddable":true,"href":"https:\/\/osf.pe\/es\/wp-json\/wp\/v2\/users\/2"}],"replies":[{"embeddable":true,"href":"https:\/\/osf.pe\/es\/wp-json\/wp\/v2\/comments?post=621"}],"version-history":[{"count":3,"href":"https:\/\/osf.pe\/es\/wp-json\/wp\/v2\/pages\/621\/revisions"}],"predecessor-version":[{"id":1243,"href":"https:\/\/osf.pe\/es\/wp-json\/wp\/v2\/pages\/621\/revisions\/1243"}],"up":[{"embeddable":true,"href":"https:\/\/osf.pe\/es\/wp-json\/wp\/v2\/pages\/87"}],"wp:featuredmedia":[{"embeddable":true,"href":"https:\/\/osf.pe\/es\/wp-json\/wp\/v2\/media\/1032"}],"wp:attachment":[{"href":"https:\/\/osf.pe\/es\/wp-json\/wp\/v2\/media?parent=621"}],"curies":[{"name":"wp","href":"https:\/\/api.w.org\/{rel}","templated":true}]}}